{"id":2,"date":"2019-09-11T14:36:45","date_gmt":"2019-09-11T12:36:45","guid":{"rendered":"https:\/\/www.sport-kaiser.de\/?page_id=2"},"modified":"2024-10-08T10:02:11","modified_gmt":"2024-10-08T08:02:11","slug":"home","status":"publish","type":"page","link":"https:\/\/www.sport-kaiser.de\/en\/home\/","title":{"rendered":"Home page"},"content":{"rendered":"<div class=\"wp-block-cover has-background-dim-20 has-background-dim alignfull has-undefined-content is-layout-flow wp-block-cover-is-layout-flow\" style=\"background-image:url('https:\/\/www.sport-kaiser.de\/wp-content\/uploads\/2019\/09\/relay-race-655353_1920.jpg');\"><p class=\"wp-block-cover-text\">Bereit? Hier bist du richtig!<\/p><\/div>\n\n\n<h2 class=\"has-text-align-center wp-block-heading\">\u00dcber uns<\/h2>\n\n\n<div class=\"wp-block-media-text alignwide is-stacked-on-mobile\" style=\"grid-template-columns:60% auto;\"><figure class=\"wp-block-media-text__media\"><img decoding=\"async\" src=\"https:\/\/www.sport-kaiser.de\/wp-content\/uploads\/2019\/09\/climbing-2609319_1920.jpg?w=740\" alt=\"\" class=\"wp-image-44\" loading=\"lazy\" \/><\/figure><div class=\"wp-block-media-text__content\">\n<p class=\"has-small-font-size\">Wir teilen unsere Leidenschaft mit dir, ganz gleich, wie alt oder erfahren du bist.<\/p>\n<\/div><\/div>\n\n\n\n<div class=\"wp-block-media-text alignwide has-media-on-the-right is-stacked-on-mobile\" style=\"grid-template-columns:auto 60%;\"><figure class=\"wp-block-media-text__media\"><img decoding=\"async\" src=\"https:\/\/www.sport-kaiser.de\/wp-content\/uploads\/2019\/09\/mountain-biking-1210066_1920.jpg?w=740\" alt=\"\" class=\"wp-image-40\" loading=\"lazy\" \/><\/figure><div class=\"wp-block-media-text__content\">\n<p class=\"has-small-font-size\">Wir bieten erstklassiges Equipment und hochwertiges Zubeh\u00f6r f\u00fcr Training und Wettkampf.<\/p>\n<\/div><\/div>\n\n\n\n<hr class=\"wp-block-separator\" \/>\n\n\n<h2 class=\"has-text-align-center wp-block-heading\">Mitgliedschaft<\/h2>\n\n\n<div class=\"wp-block-media-text alignwide is-stacked-on-mobile\" style=\"grid-template-columns:60% auto;\"><figure class=\"wp-block-media-text__media\"><img decoding=\"async\" src=\"https:\/\/www.sport-kaiser.de\/wp-content\/uploads\/2019\/09\/team-2444978_1920.jpg?w=740\" alt=\"\" class=\"wp-image-43\" loading=\"lazy\" \/><\/figure><div class=\"wp-block-media-text__content\">\n<p class=\"has-small-font-size\">Wir wissen, wie wichtig Teamarbeit ist, und dass man im Team eine bessere Leistung erbringen kann. Alle unsere Mitglieder profitieren davon.<\/p>\n<\/div><\/div>\n\n\n\n<div class=\"wp-block-media-text alignwide has-media-on-the-right is-stacked-on-mobile\" style=\"grid-template-columns:auto 60%;\"><figure class=\"wp-block-media-text__media\"><img decoding=\"async\" src=\"https:\/\/www.sport-kaiser.de\/wp-content\/uploads\/2019\/09\/tennis-63733_1920.jpg?w=740\" alt=\"\" class=\"wp-image-42\" loading=\"lazy\" \/><\/figure><div class=\"wp-block-media-text__content\">\n<p class=\"has-small-font-size\">Wir w\u00fcrden uns freuen, dich bei uns zu begr\u00fc\u00dfen. Kontaktiere uns, um mehr zu erfahren.<\/p>\n<\/div><\/div>\n\n\n\n<hr class=\"wp-block-separator\" \/>\n\n\n<h2 class=\"has-text-align-center wp-block-heading\">Kontaktiere uns<\/h2>\n\n\n<p><strong>Sport Kaiser<\/strong><br>123 Main St<br>555-555-5555<\/p>\n\n\n\n<hr class=\"wp-block-separator\" \/>\n\n\n<h2 class=\"has-text-align-center wp-block-heading\">Sende uns eine Nachricht<\/h2>\n\n\n\n\n\n\n\n\n\n\n<hr class=\"wp-block-separator\" \/>\n\n\n\n<p class=\"has-small-font-size\">Copyright Sport Kaiser 2018. Alle Rechte vorbehalten.<br><\/p>","protected":false},"excerpt":{"rendered":"<p>\u00dcber uns Wir teilen unsere Leidenschaft mit dir, ganz gleich, wie alt oder erfahren du bist. Wir bieten erstklassiges Equipment und hochwertiges Zubeh\u00f6r f\u00fcr Training und Wettkampf. Mitgliedschaft Wir wissen,<\/p>","protected":false},"author":170813083,"featured_media":0,"parent":0,"menu_order":1,"comment_status":"closed","ping_status":"closed","template":"","meta":{"_price":"","_stock":"","_tribe_ticket_header":"","_tribe_default_ticket_provider":"","_tribe_ticket_capacity":"0","_ticket_start_date":"","_ticket_end_date":"","_tribe_ticket_show_description":"","_tribe_ticket_show_not_going":false,"_tribe_ticket_use_global_stock":"","_tribe_ticket_global_stock_level":"","_global_stock_mode":"","_global_stock_cap":"","_tribe_rsvp_for_event":"","_tribe_ticket_going_count":"","_tribe_ticket_not_going_count":"","_tribe_tickets_list":"[]","_tribe_ticket_has_attendee_info_fields":false,"footnotes":"","_tec_slr_enabled":"","_tec_slr_layout":""},"class_list":["post-2","page","type-page","status-publish","hentry"],"ticketed":false,"_links":{"self":[{"href":"https:\/\/www.sport-kaiser.de\/en\/wp-json\/wp\/v2\/pages\/2","targetHints":{"allow":["GET"]}}],"collection":[{"href":"https:\/\/www.sport-kaiser.de\/en\/wp-json\/wp\/v2\/pages"}],"about":[{"href":"https:\/\/www.sport-kaiser.de\/en\/wp-json\/wp\/v2\/types\/page"}],"author":[{"embeddable":true,"href":"https:\/\/www.sport-kaiser.de\/en\/wp-json\/wp\/v2\/users\/170813083"}],"replies":[{"embeddable":true,"href":"https:\/\/www.sport-kaiser.de\/en\/wp-json\/wp\/v2\/comments?post=2"}],"version-history":[{"count":7,"href":"https:\/\/www.sport-kaiser.de\/en\/wp-json\/wp\/v2\/pages\/2\/revisions"}],"predecessor-version":[{"id":27,"href":"https:\/\/www.sport-kaiser.de\/en\/wp-json\/wp\/v2\/pages\/2\/revisions\/27"}],"wp:attachment":[{"href":"https:\/\/www.sport-kaiser.de\/en\/wp-json\/wp\/v2\/media?parent=2"}],"curies":[{"name":"wp","href":"https:\/\/api.w.org\/{rel}","templated":true}]}}